{"id":92,"date":"2020-04-18T09:29:46","date_gmt":"2020-04-18T09:29:46","guid":{"rendered":"http:\/\/melas.gen.tr\/index.php\/home\/"},"modified":"2021-11-29T12:35:49","modified_gmt":"2021-11-29T12:35:49","slug":"home","status":"publish","type":"page","link":"http:\/\/melas.gen.tr\/","title":{"rendered":"Anasayfa"},"content":{"rendered":"\t\t<div data-elementor-type=\"wp-post\" data-elementor-id=\"92\" class=\"elementor elementor-92\">\n\t\t\t\t\t\t<section class=\"elementor-section elementor-top-section elementor-element elementor-element-55821d0 elementor-section-boxed elementor-section-height-default elementor-section-height-default\" data-id=\"55821d0\" data-element_type=\"section\">\n\t\t\t\t\t\t<div class=\"elementor-container elementor-column-gap-default\">\n\t\t\t\t\t<div class=\"aux-parallax-section elementor-column elementor-col-100 elementor-top-column elementor-element elementor-element-de5b510\" data-id=\"de5b510\" data-element_type=\"column\">\n\t\t\t<div class=\"elementor-widget-wrap elementor-element-populated\">\n\t\t\t\t\t\t<div class=\"elementor-element elementor-element-b92855d elementor-widget-divider--view-line_icon elementor-view-default elementor-widget-divider--element-align-center elementor-widget elementor-widget-divider\" data-id=\"b92855d\" data-element_type=\"widget\" data-widget_type=\"divider.default\">\n\t\t\t\t<div class=\"elementor-widget-container\">\n\t\t\t\t\t<div class=\"elementor-divider\">\n\t\t\t<span class=\"elementor-divider-separator\">\n\t\t\t\t\t\t\t<div class=\"elementor-icon elementor-divider__element\">\n\t\t\t\t\t<\/div>\n\t\t\t\t\t\t<\/span>\n\t\t<\/div>\n\t\t\t\t<\/div>\n\t\t\t\t<\/div>\n\t\t\t\t\t<\/div>\n\t\t<\/div>\n\t\t\t\t\t<\/div>\n\t\t<\/section>\n\t\t\t\t<section class=\"elementor-section elementor-top-section elementor-element elementor-element-177d82f0 elementor-section-content-middle elementor-section-boxed elementor-section-height-default elementor-section-height-default\" data-id=\"177d82f0\" data-element_type=\"section\">\n\t\t\t\t\t\t<div class=\"elementor-container elementor-column-gap-default\">\n\t\t\t\t\t<div class=\"aux-parallax-section elementor-column elementor-col-50 elementor-top-column elementor-element elementor-element-7bcab9b9\" data-id=\"7bcab9b9\" data-element_type=\"column\">\n\t\t\t<div class=\"elementor-widget-wrap elementor-element-populated\">\n\t\t\t\t\t\t<div class=\"elementor-element elementor-element-4616b3cd aux-appear-watch-animation aux-fade-in-up elementor-widget elementor-widget-aux_modern_heading\" data-id=\"4616b3cd\" data-element_type=\"widget\" data-widget_type=\"aux_modern_heading.default\">\n\t\t\t\t<div class=\"elementor-widget-container\">\n\t\t\t<section class=\"aux-widget-modern-heading\">\n            <div class=\"aux-widget-inner\"><h2 class=\"aux-modern-heading-primary\"><\/h2><h3 class=\"aux-modern-heading-secondary\"><span class=\"aux-head-before\">\u015eeker kam\u0131\u015f\u0131 melas\u0131 nedir?<\/span><\/h3><div class=\"aux-modern-heading-divider\"><\/div><div class=\"aux-modern-heading-description\"><h4><img decoding=\"async\" class=\"alignnone wp-image-145\" src=\"http:\/\/melas.gen.tr\/wp-content\/uploads\/2021\/11\/kare_y.png\" alt=\"\" width=\"10\" height=\"10\" \/> \u015eeker Kam\u0131\u015f\u0131 Melas\u0131, do\u011fal bir tatland\u0131r\u0131c\u0131 ve \u00e7ok i\u015flevli bir g\u0131da bile\u015fenidir. Unlu mam\u00fcller ve \u015fekerleme \u00fcr\u00fcnlerine zengin aroma, nemli tekst\u00fcr , g\u00fczel ve doyurucu lezzet katar. Ayr\u0131ca marine ve soslara tatl\u0131l\u0131k ve tekst\u00fcr katarak zenginle\u015ftirir.<\/h4><h4><img decoding=\"async\" class=\"alignnone wp-image-145\" src=\"http:\/\/melas.gen.tr\/wp-content\/uploads\/2021\/11\/kare_y.png\" alt=\"\" width=\"10\" height=\"10\" \/> Sa\u011fl\u0131kl\u0131 mineraller i\u00e7eren bir \u00fcr\u00fcnd\u00fcr. Zengin bir demir, kalsiyum , magnezyum, potasyum, B vitamini kayna\u011f\u0131d\u0131r ve anti oksidan maddeler i\u00e7erir.<\/h4><h4><img decoding=\"async\" class=\"alignnone wp-image-145\" src=\"http:\/\/melas.gen.tr\/wp-content\/uploads\/2021\/11\/kare_y.png\" alt=\"\" width=\"10\" height=\"10\" \/> \u015eeker Kam\u0131\u015f\u0131n\u0131n hasad\u0131 sonras\u0131nda g\u00f6vdesinin suyu a\u011f\u0131r merdaneler ve \u00f6\u011f\u00fct\u00fcc\u00fcler vas\u0131tas\u0131yla \u00e7\u0131kar\u0131l\u0131r. Tekrar edilen kaynatma i\u015flemlerinin ard\u0131ndan melas \u015furubu elde edilir. Kaynatma proresesine ba\u011fl\u0131 olarak farkl\u0131 k\u0131vamlarda ham melaslar elde edilir.<\/h4><h4><img decoding=\"async\" class=\"alignnone wp-image-145\" src=\"http:\/\/melas.gen.tr\/wp-content\/uploads\/2021\/11\/kare_y.png\" alt=\"\" width=\"10\" height=\"10\" \/> Koyu renkli melaslar daha konsantre , kuvvetli ve daha besleyici \u00f6zelliklere sahiptir. Past\u00f6rizasyon , buharla\u015ft\u0131rma ve filtreleme teknikleriyle \u00e7e\u015fitli \u00f6zelliklere sahip melas \u00e7e\u015fitleri elde edilebilir. Rafine etme i\u015flemleri istikrarl\u0131 renk geli\u015fimi, yumu\u015fak tekst\u00fcr , aroma art\u0131r\u0131m\u0131 ve \u00fcr\u00fcnde stabilitesi sa\u011flar. B\u00f6ylece melas\u0131 spesifik bir uygulamada kullananlara uygulamalar\u0131nda hassas kontrol imkan\u0131 sa\u011flanm\u0131\u015f olur.G\u0131da uygulamalar\u0131 i\u00e7in i\u015flenecek melas g\u00fcvenilir ve akredite kaynaklardan tedarik edilir. \u0130\u015fleme tesiine ula\u015ft\u0131ktan sonra laboratuvar testleri yap\u0131larak istenen kalitede oldu\u011fu kontrol edilir. Sonra buharla\u015ft\u0131rma kazanlar\u0131na al\u0131narak 80\u00b0C \u2018nin \u00fcst\u00fcnde bir s\u0131cakl\u0131kta kaynat\u0131l\u0131r, safla\u015ft\u0131r\u0131l\u0131r ve son kullan\u0131laca\u011f\u0131 uygulamaya uygun olacak \u015fekilde \u015feker ve asidite seviyesi standardize edilir. Safl\u0131\u011f\u0131n\u0131 art\u0131rmak i\u00e7in 300 mikronluk filterelerden ge\u00e7irilir. So\u011futulup, tanklara al\u0131n\u0131r ve dinlendirilir. Ambalajlama \u00f6ncesi 80 mikronluk filtrelerden ge\u00e7irilir. Sonras\u0131nda ambalajlan\u0131p sevk edilir.<\/h4><h4><img decoding=\"async\" class=\"alignnone wp-image-145\" src=\"http:\/\/melas.gen.tr\/wp-content\/uploads\/2021\/11\/kare_y.png\" alt=\"\" width=\"10\" height=\"10\" \/> Rafine melaslar f\u0131r\u0131nlanm\u0131\u015f mam\u00fcller, catering, \u015fekerleme, ve ila\u00e7 sekt\u00f6rlerinde fonksiyonel g\u0131da bile\u015feni olarak kullan\u0131lmaktad\u0131r.<\/h4><h4><img decoding=\"async\" class=\"alignnone wp-image-145\" src=\"http:\/\/melas.gen.tr\/wp-content\/uploads\/2021\/11\/kare_y.png\" alt=\"\" width=\"10\" height=\"10\" \/>\u00dcr\u00fcn\u00fcm\u00fcz 25 kg\u2019l\u0131k teneke ambalajlar i\u00e7erisindedir.<\/h4><\/div><\/div>\n        <\/section>\t\t<\/div>\n\t\t\t\t<\/div>\n\t\t\t\t\t<\/div>\n\t\t<\/div>\n\t\t\t\t<div class=\"aux-parallax-section elementor-column elementor-col-50 elementor-top-column elementor-element elementor-element-59212b16 aux-appear-watch-animation aux-fade-in-right-1\" data-id=\"59212b16\" data-element_type=\"column\">\n\t\t\t<div class=\"elementor-widget-wrap elementor-element-populated\">\n\t\t\t\t\t\t<div class=\"elementor-element elementor-element-4a92c11 elementor-widget elementor-widget-image\" data-id=\"4a92c11\" data-element_type=\"widget\" data-widget_type=\"image.default\">\n\t\t\t\t<div class=\"elementor-widget-container\">\n\t\t\t\t\t\t\t\t\t\t\t\t\t<img fetchpriority=\"high\" decoding=\"async\" width=\"609\" height=\"381\" src=\"http:\/\/melas.gen.tr\/wp-content\/uploads\/2021\/11\/melas_y_u.png\" class=\"attachment-large size-large wp-image-295\" alt=\"\" \/>\t\t\t\t\t\t\t\t\t\t\t\t\t<\/div>\n\t\t\t\t<\/div>\n\t\t\t\t<div class=\"elementor-element elementor-element-7114cf2f elementor-hidden-tablet elementor-hidden-mobile elementor-widget elementor-widget-aux_image\" data-id=\"7114cf2f\" data-element_type=\"widget\" data-widget_type=\"aux_image.default\">\n\t\t\t\t<div class=\"elementor-widget-container\">\n\t\t\t<section class=\"widget-container aux-widget-image aux-alignnone aux-parent-au70c1e63e\">\n    <div class=\"aux-media-hint-frame \">\n        <div class=\"aux-media-image \" >\n        \n            \n\n            \n            <img decoding=\"async\" width=\"800\" height=\"700\" src=\"data:image\/gif;base64,R0lGODlhAQABAIAAAAAAAP\/\/\/yH5BAEAAAAALAAAAAABAAEAAAIBRAA7\" class=\"aux-attachment aux-featured-image aux-attachment-id-178 aux-preload aux-blank\" alt=\"melas_yeni_yan_2\" data-ratio=\"1.14\" data-original-w=\"800\" data-src=\"http:\/\/melas.gen.tr\/wp-content\/uploads\/2021\/11\/melas_yeni_yan_2.png\" \/>            \n                <\/div>\n    <\/div>\n\n<\/section><!-- widget-container -->\t\t<\/div>\n\t\t\t\t<\/div>\n\t\t\t\t<div class=\"elementor-element elementor-element-c1f542e elementor-widget elementor-widget-image\" data-id=\"c1f542e\" data-element_type=\"widget\" data-widget_type=\"image.default\">\n\t\t\t\t<div class=\"elementor-widget-container\">\n\t\t\t\t\t\t\t\t\t\t\t\t\t\t<a href=\"http:\/\/melas.gen.tr\/wp-content\/uploads\/2021\/11\/TM10-Molasses-ATCO-1.pdf\" target=\"_blank\">\n\t\t\t\t\t\t\t<img loading=\"lazy\" decoding=\"async\" width=\"383\" height=\"150\" src=\"http:\/\/melas.gen.tr\/wp-content\/uploads\/2021\/11\/specpdf.png\" class=\"attachment-full size-full wp-image-163\" alt=\"\" \/>\t\t\t\t\t\t\t\t<\/a>\n\t\t\t\t\t\t\t\t\t\t\t\t\t<\/div>\n\t\t\t\t<\/div>\n\t\t\t\t\t<\/div>\n\t\t<\/div>\n\t\t\t\t\t<\/div>\n\t\t<\/section>\n\t\t\t\t<section class=\"elementor-section elementor-top-section elementor-element elementor-element-86552af elementor-section-boxed elementor-section-height-default elementor-section-height-default\" data-id=\"86552af\" data-element_type=\"section\">\n\t\t\t\t\t\t<div class=\"elementor-container elementor-column-gap-default\">\n\t\t\t\t\t<div class=\"aux-parallax-section elementor-column elementor-col-100 elementor-top-column elementor-element elementor-element-0732b5e\" data-id=\"0732b5e\" data-element_type=\"column\">\n\t\t\t<div class=\"elementor-widget-wrap elementor-element-populated\">\n\t\t\t\t\t\t<div class=\"elementor-element elementor-element-395b607 elementor-widget-divider--view-line_icon elementor-view-default elementor-widget-divider--element-align-center elementor-widget elementor-widget-divider\" data-id=\"395b607\" data-element_type=\"widget\" data-widget_type=\"divider.default\">\n\t\t\t\t<div class=\"elementor-widget-container\">\n\t\t\t\t\t<div class=\"elementor-divider\">\n\t\t\t<span class=\"elementor-divider-separator\">\n\t\t\t\t\t\t\t<div class=\"elementor-icon elementor-divider__element\">\n\t\t\t\t\t<\/div>\n\t\t\t\t\t\t<\/span>\n\t\t<\/div>\n\t\t\t\t<\/div>\n\t\t\t\t<\/div>\n\t\t\t\t\t<\/div>\n\t\t<\/div>\n\t\t\t\t\t<\/div>\n\t\t<\/section>\n\t\t\t\t<section class=\"elementor-section elementor-top-section elementor-element elementor-element-e52428f elementor-section-content-middle elementor-section-boxed elementor-section-height-default elementor-section-height-default\" data-id=\"e52428f\" data-element_type=\"section\">\n\t\t\t\t\t\t<div class=\"elementor-container elementor-column-gap-default\">\n\t\t\t\t\t<div class=\"aux-parallax-section elementor-column elementor-col-25 elementor-top-column elementor-element elementor-element-a001bcf aux-appear-watch-animation aux-fade-in-right-1\" data-id=\"a001bcf\" data-element_type=\"column\">\n\t\t\t<div class=\"elementor-widget-wrap elementor-element-populated\">\n\t\t\t\t\t\t<div class=\"elementor-element elementor-element-c9a5c03 elementor-widget elementor-widget-aux_image\" data-id=\"c9a5c03\" data-element_type=\"widget\" data-widget_type=\"aux_image.default\">\n\t\t\t\t<div class=\"elementor-widget-container\">\n\t\t\t<section class=\"widget-container aux-widget-image aux-alignnone aux-parent-aub8cf07f7\">\n    <div class=\"aux-media-hint-frame \">\n        <div class=\"aux-media-image \" >\n        \n            \n\n            \n            <img loading=\"lazy\" decoding=\"async\" width=\"377\" height=\"700\" src=\"data:image\/gif;base64,R0lGODlhAQABAIAAAAAAAP\/\/\/yH5BAEAAAAALAAAAAABAAEAAAIBRAA7\" class=\"aux-attachment aux-featured-image aux-attachment-id-151 aux-preload aux-blank\" alt=\"granola_1\" data-ratio=\"0.54\" data-original-w=\"1200\" sizes=\"auto\" data-srcset=\"http:\/\/melas.gen.tr\/wp-content\/uploads\/2021\/11\/granola_1-150x279.png 150w,http:\/\/melas.gen.tr\/wp-content\/uploads\/2021\/11\/granola_1-300x557.png 300w,http:\/\/melas.gen.tr\/wp-content\/uploads\/2021\/11\/granola_1-768x1426.png 768w,http:\/\/melas.gen.tr\/wp-content\/uploads\/2021\/11\/granola_1-1024x1901.png 1024w,http:\/\/melas.gen.tr\/wp-content\/uploads\/2021\/11\/granola_1-377x700.png 377w\" data-src=\"http:\/\/melas.gen.tr\/wp-content\/uploads\/2021\/11\/granola_1-377x700.png\" \/>            \n                <\/div>\n    <\/div>\n\n<\/section><!-- widget-container -->\t\t<\/div>\n\t\t\t\t<\/div>\n\t\t\t\t<div class=\"elementor-element elementor-element-6a7bf93 elementor-widget elementor-widget-aux_image\" data-id=\"6a7bf93\" data-element_type=\"widget\" data-widget_type=\"aux_image.default\">\n\t\t\t\t<div class=\"elementor-widget-container\">\n\t\t\t<section class=\"widget-container aux-widget-image aux-alignnone aux-parent-auaeb613c6\">\n    <div class=\"aux-media-hint-frame \">\n        <div class=\"aux-media-image \" >\n        \n            \n\n            \n            <img loading=\"lazy\" decoding=\"async\" width=\"300\" height=\"300\" src=\"data:image\/gif;base64,R0lGODlhAQABAIAAAAAAAP\/\/\/yH5BAEAAAAALAAAAAABAAEAAAIBRAA7\" class=\"aux-attachment aux-featured-image aux-attachment-id-155 aux-preload aux-blank\" alt=\"speculooq\" data-ratio=\"1\" data-original-w=\"512\" sizes=\"auto\" data-srcset=\"http:\/\/melas.gen.tr\/wp-content\/uploads\/2021\/11\/speculooq-150x150.png 150w,http:\/\/melas.gen.tr\/wp-content\/uploads\/2021\/11\/speculooq-300x300.png 300w,http:\/\/melas.gen.tr\/wp-content\/uploads\/2021\/11\/speculooq-300x300.png 300w\" data-src=\"http:\/\/melas.gen.tr\/wp-content\/uploads\/2021\/11\/speculooq-300x300.png\" \/>            \n                <\/div>\n    <\/div>\n\n<\/section><!-- widget-container -->\t\t<\/div>\n\t\t\t\t<\/div>\n\t\t\t\t<div class=\"elementor-element elementor-element-2b281b0 elementor-widget elementor-widget-aux_image\" data-id=\"2b281b0\" data-element_type=\"widget\" data-widget_type=\"aux_image.default\">\n\t\t\t\t<div class=\"elementor-widget-container\">\n\t\t\t<section class=\"widget-container aux-widget-image aux-alignnone aux-parent-aue1a89e40\">\n    <div class=\"aux-media-hint-frame \">\n        <div class=\"aux-media-image \" >\n        \n            \n\n            \n            <img loading=\"lazy\" decoding=\"async\" width=\"377\" height=\"700\" src=\"data:image\/gif;base64,R0lGODlhAQABAIAAAAAAAP\/\/\/yH5BAEAAAAALAAAAAABAAEAAAIBRAA7\" class=\"aux-attachment aux-featured-image aux-attachment-id-156 aux-preload aux-blank\" alt=\"zencefilli\" data-ratio=\"0.54\" data-original-w=\"1200\" sizes=\"auto\" data-srcset=\"http:\/\/melas.gen.tr\/wp-content\/uploads\/2021\/11\/zencefilli-150x279.jpg 150w,http:\/\/melas.gen.tr\/wp-content\/uploads\/2021\/11\/zencefilli-300x557.jpg 300w,http:\/\/melas.gen.tr\/wp-content\/uploads\/2021\/11\/zencefilli-768x1426.jpg 768w,http:\/\/melas.gen.tr\/wp-content\/uploads\/2021\/11\/zencefilli-1024x1901.jpg 1024w,http:\/\/melas.gen.tr\/wp-content\/uploads\/2021\/11\/zencefilli-377x700.jpg 377w\" data-src=\"http:\/\/melas.gen.tr\/wp-content\/uploads\/2021\/11\/zencefilli-377x700.jpg\" \/>            \n                <\/div>\n    <\/div>\n\n<\/section><!-- widget-container -->\t\t<\/div>\n\t\t\t\t<\/div>\n\t\t\t\t\t<\/div>\n\t\t<\/div>\n\t\t\t\t<div class=\"aux-parallax-section elementor-column elementor-col-25 elementor-top-column elementor-element elementor-element-3f77c6a aux-appear-watch-animation aux-fade-in-right-1\" data-id=\"3f77c6a\" data-element_type=\"column\">\n\t\t\t<div class=\"elementor-widget-wrap elementor-element-populated\">\n\t\t\t\t\t\t<div class=\"elementor-element elementor-element-ef8e3ed elementor-widget elementor-widget-aux_image\" data-id=\"ef8e3ed\" data-element_type=\"widget\" data-widget_type=\"aux_image.default\">\n\t\t\t\t<div class=\"elementor-widget-container\">\n\t\t\t<section class=\"widget-container aux-widget-image aux-alignnone aux-parent-aue4c0f82d\">\n    <div class=\"aux-media-hint-frame \">\n        <div class=\"aux-media-image \" >\n        \n            \n\n            \n            <img loading=\"lazy\" decoding=\"async\" width=\"768\" height=\"768\" src=\"data:image\/gif;base64,R0lGODlhAQABAIAAAAAAAP\/\/\/yH5BAEAAAAALAAAAAABAAEAAAIBRAA7\" class=\"aux-attachment aux-featured-image aux-attachment-id-153 aux-preload aux-blank\" alt=\"licorice_kirmizi\" data-ratio=\"1\" data-original-w=\"1200\" sizes=\"auto\" data-srcset=\"http:\/\/melas.gen.tr\/wp-content\/uploads\/2021\/11\/licorice_kirmizi-150x150.jpg 150w,http:\/\/melas.gen.tr\/wp-content\/uploads\/2021\/11\/licorice_kirmizi-300x300.jpg 300w,http:\/\/melas.gen.tr\/wp-content\/uploads\/2021\/11\/licorice_kirmizi-768x768.jpg 768w,http:\/\/melas.gen.tr\/wp-content\/uploads\/2021\/11\/licorice_kirmizi-1024x1024.jpg 1024w,http:\/\/melas.gen.tr\/wp-content\/uploads\/2021\/11\/licorice_kirmizi-768x768.jpg 768w\" data-src=\"http:\/\/melas.gen.tr\/wp-content\/uploads\/2021\/11\/licorice_kirmizi-768x768.jpg\" \/>            \n                <\/div>\n    <\/div>\n\n<\/section><!-- widget-container -->\t\t<\/div>\n\t\t\t\t<\/div>\n\t\t\t\t<div class=\"elementor-element elementor-element-07062c2 elementor-widget elementor-widget-aux_image\" data-id=\"07062c2\" data-element_type=\"widget\" data-widget_type=\"aux_image.default\">\n\t\t\t\t<div class=\"elementor-widget-container\">\n\t\t\t<section class=\"widget-container aux-widget-image aux-alignnone aux-parent-aua42160f7\">\n    <div class=\"aux-media-hint-frame \">\n        <div class=\"aux-media-image \" >\n        \n            \n\n            \n            <img loading=\"lazy\" decoding=\"async\" width=\"700\" height=\"700\" src=\"data:image\/gif;base64,R0lGODlhAQABAIAAAAAAAP\/\/\/yH5BAEAAAAALAAAAAABAAEAAAIBRAA7\" class=\"aux-attachment aux-featured-image aux-attachment-id-152 aux-preload aux-blank\" alt=\"licorice\" data-ratio=\"1\" data-original-w=\"700\" sizes=\"auto\" data-srcset=\"http:\/\/melas.gen.tr\/wp-content\/uploads\/2021\/11\/licorice-150x150.jpg 150w,http:\/\/melas.gen.tr\/wp-content\/uploads\/2021\/11\/licorice-300x300.jpg 300w,http:\/\/melas.gen.tr\/wp-content\/uploads\/2021\/11\/licorice-768x768.jpg 700w\" data-src=\"http:\/\/melas.gen.tr\/wp-content\/uploads\/2021\/11\/licorice-768x768.jpg\" \/>            \n                <\/div>\n    <\/div>\n\n<\/section><!-- widget-container -->\t\t<\/div>\n\t\t\t\t<\/div>\n\t\t\t\t<div class=\"elementor-element elementor-element-c0354f4 elementor-widget elementor-widget-aux_image\" data-id=\"c0354f4\" data-element_type=\"widget\" data-widget_type=\"aux_image.default\">\n\t\t\t\t<div class=\"elementor-widget-container\">\n\t\t\t<section class=\"widget-container aux-widget-image aux-alignnone aux-parent-au910ebb35\">\n    <div class=\"aux-media-hint-frame \">\n        <div class=\"aux-media-image \" >\n        \n            \n\n            \n            <img loading=\"lazy\" decoding=\"async\" width=\"768\" height=\"768\" src=\"data:image\/gif;base64,R0lGODlhAQABAIAAAAAAAP\/\/\/yH5BAEAAAAALAAAAAABAAEAAAIBRAA7\" class=\"aux-attachment aux-featured-image aux-attachment-id-154 aux-preload aux-blank\" alt=\"marine_sos_1\" data-ratio=\"1\" data-original-w=\"1100\" sizes=\"auto\" data-srcset=\"http:\/\/melas.gen.tr\/wp-content\/uploads\/2021\/11\/marine_sos_1-150x150.jpg 150w,http:\/\/melas.gen.tr\/wp-content\/uploads\/2021\/11\/marine_sos_1-300x300.jpg 300w,http:\/\/melas.gen.tr\/wp-content\/uploads\/2021\/11\/marine_sos_1-768x768.jpg 768w,http:\/\/melas.gen.tr\/wp-content\/uploads\/2021\/11\/marine_sos_1-1024x1024.jpg 1024w,http:\/\/melas.gen.tr\/wp-content\/uploads\/2021\/11\/marine_sos_1-768x768.jpg 768w\" data-src=\"http:\/\/melas.gen.tr\/wp-content\/uploads\/2021\/11\/marine_sos_1-768x768.jpg\" \/>            \n                <\/div>\n    <\/div>\n\n<\/section><!-- widget-container -->\t\t<\/div>\n\t\t\t\t<\/div>\n\t\t\t\t\t<\/div>\n\t\t<\/div>\n\t\t\t\t<div class=\"aux-parallax-section elementor-column elementor-col-50 elementor-top-column elementor-element elementor-element-ac563a4\" data-id=\"ac563a4\" data-element_type=\"column\">\n\t\t\t<div class=\"elementor-widget-wrap elementor-element-populated\">\n\t\t\t\t\t\t<div class=\"elementor-element elementor-element-7668587 aux-appear-watch-animation aux-fade-in-up elementor-widget elementor-widget-aux_modern_heading\" data-id=\"7668587\" data-element_type=\"widget\" data-widget_type=\"aux_modern_heading.default\">\n\t\t\t\t<div class=\"elementor-widget-container\">\n\t\t\t<section class=\"aux-widget-modern-heading\">\n            <div class=\"aux-widget-inner\"><h2 class=\"aux-modern-heading-primary\"><\/h2><h3 class=\"aux-modern-heading-secondary\"><span class=\"aux-head-before\">\u015eeker kam\u0131\u015f\u0131 melas\u0131 nerelerde kullan\u0131l\u0131r?<\/span><\/h3><div class=\"aux-modern-heading-divider\"><\/div><div class=\"aux-modern-heading-description\"><h3><img decoding=\"async\" class=\"alignnone wp-image-145\" src=\"http:\/\/melas.gen.tr\/wp-content\/uploads\/2021\/11\/kare_y.png\" alt=\"\" width=\"10\" height=\"10\" \/><span style=\"color: #993300\"><strong> F\u0131r\u0131nlanm\u0131\u015f \u00dcr\u00fcnler<\/strong><\/span><\/h3><h4>\u015eeker kam\u0131\u015f\u0131 melas\u0131 , f\u0131r\u0131nlanm\u0131\u015f \u00fcr\u00fcnlere nem katar, raf \u00f6mr\u00fcn\u00fcn uzat\u0131r ve ransiditeyi engeller. Melas i\u00e7erin f\u0131r\u0131nlanm\u0131\u015f mam\u00fcller yo\u011fun bir kahverengi \u015feker ile melas\u0131n hafif ac\u0131mtrak tad\u0131na sahip olur. Do\u011fal bir renkendirici ve aroma vericidir. \u00d6zellikle zencefilli kurabiyelerde ve Speculoos tipi bisk\u00fcvilerde tercih edilmektedir.<\/h4><h3><img decoding=\"async\" class=\"alignnone wp-image-145\" src=\"http:\/\/melas.gen.tr\/wp-content\/uploads\/2021\/11\/kare_y.png\" alt=\"\" width=\"10\" height=\"10\" \/> <span style=\"color: #993300\"><strong>\u015eekerlemeler<\/strong><\/span><\/h3><h4>Licorice ve toffee tarz\u0131 \u015fekerlemelere hem tat hem de renk verir.<\/h4><h3><img decoding=\"async\" class=\"alignnone wp-image-145\" src=\"http:\/\/melas.gen.tr\/wp-content\/uploads\/2021\/11\/kare_y.png\" alt=\"\" width=\"10\" height=\"10\" \/> <span style=\"color: #993300\"><strong>Soslar ve Marineler<\/strong><\/span><\/h3><h4>Do\u011fal olarak Em\u00fclsiyon yapma kabiliyeti nedeniyle soslar ve marinelerde ideal bir tatland\u0131r\u0131c\u0131d\u0131r.<\/h4><h3><img decoding=\"async\" class=\"alignnone wp-image-145\" src=\"http:\/\/melas.gen.tr\/wp-content\/uploads\/2021\/11\/kare_y.png\" alt=\"\" width=\"10\" height=\"10\" \/> <span style=\"color: #993300\"><strong>Protein ve Granola Barlar<\/strong><\/span><\/h3><h4>Zengin tat profiliyle granola ve protein barlara lezzet katar.<\/h4><h3><img decoding=\"async\" class=\"alignnone wp-image-145\" src=\"http:\/\/melas.gen.tr\/wp-content\/uploads\/2021\/11\/kare_y.png\" alt=\"\" width=\"10\" height=\"10\" \/> <span style=\"color: #993300\"><strong>Esmer \/ Kahverengi \u015eeker<\/strong><\/span><\/h3><h4>Normal \u015fekere \u015feker kam\u0131\u015f\u0131 melas\u0131 ilavesi yap\u0131larak esmer \u015feker elde edilir.<\/h4><h3><img decoding=\"async\" class=\"alignnone wp-image-145\" src=\"http:\/\/melas.gen.tr\/wp-content\/uploads\/2021\/11\/kare_y.png\" alt=\"\" width=\"10\" height=\"10\" \/> <span style=\"color: #993300\"><strong>Di\u011fer Uygulamalar<\/strong><\/span><\/h3><h4>Melas , \u015feker ve di\u011fer karbonhidratlar d\u0131\u015f\u0131nda y\u00fcksek oranda protein ve mineral de i\u00e7erdi\u011fi i\u00e7in ba\u015fka \u00fcr\u00fcnlerin \u00fcretilmesi i\u00e7in de hammalzeme olarak kullan\u0131l\u0131r. Maya , alkol ve asit \u00fcretimi bunlardan baz\u0131lar\u0131d\u0131r. De\u011ferli amino asitler de melastan elde edilebilir ve bu amino asitler farmas\u00f6tik \u00fcr\u00fcnlerin \u00fcretiminde kullan\u0131labilir.<\/h4><\/div><\/div>\n        <\/section>\t\t<\/div>\n\t\t\t\t<\/div>\n\t\t\t\t\t<\/div>\n\t\t<\/div>\n\t\t\t\t\t<\/div>\n\t\t<\/section>\n\t\t\t\t<section class=\"elementor-section elementor-top-section elementor-element elementor-element-9eb2e5a elementor-section-boxed elementor-section-height-default elementor-section-height-default\" data-id=\"9eb2e5a\" data-element_type=\"section\">\n\t\t\t\t\t\t<div class=\"elementor-container elementor-column-gap-default\">\n\t\t\t\t\t<div class=\"aux-parallax-section elementor-column elementor-col-100 elementor-top-column elementor-element elementor-element-73df643\" data-id=\"73df643\" data-element_type=\"column\">\n\t\t\t<div class=\"elementor-widget-wrap elementor-element-populated\">\n\t\t\t\t\t\t<div class=\"elementor-element elementor-element-b48da6b elementor-widget-divider--view-line_icon elementor-view-default elementor-widget-divider--element-align-center elementor-widget elementor-widget-divider\" data-id=\"b48da6b\" data-element_type=\"widget\" data-widget_type=\"divider.default\">\n\t\t\t\t<div class=\"elementor-widget-container\">\n\t\t\t\t\t<div class=\"elementor-divider\">\n\t\t\t<span class=\"elementor-divider-separator\">\n\t\t\t\t\t\t\t<div class=\"elementor-icon elementor-divider__element\">\n\t\t\t\t\t<\/div>\n\t\t\t\t\t\t<\/span>\n\t\t<\/div>\n\t\t\t\t<\/div>\n\t\t\t\t<\/div>\n\t\t\t\t\t<\/div>\n\t\t<\/div>\n\t\t\t\t\t<\/div>\n\t\t<\/section>\n\t\t\t\t<\/div>\n\t\t","protected":false},"excerpt":{"rendered":"<p>\u015eeker kam\u0131\u015f\u0131 melas\u0131 nedir? \u015eeker Kam\u0131\u015f\u0131 Melas\u0131, do\u011fal bir tatland\u0131r\u0131c\u0131 ve \u00e7ok i\u015flevli bir g\u0131da bile\u015fenidir. Unlu mam\u00fcller ve \u015fekerleme \u00fcr\u00fcnlerine zengin aroma, nemli tekst\u00fcr , g\u00fczel ve doyurucu lezzet katar. Ayr\u0131ca marine ve soslara tatl\u0131l\u0131k ve tekst\u00fcr katarak zenginle\u015ftirir. Sa\u011fl\u0131kl\u0131 mineraller i\u00e7eren bir \u00fcr\u00fcnd\u00fcr. Zengin bir demir, kalsiyum , magnezyum, potasyum, B vitamini kayna\u011f\u0131d\u0131r [&hellip;]<\/p>\n","protected":false},"author":1,"featured_media":0,"parent":0,"menu_order":0,"comment_status":"closed","ping_status":"closed","template":"","meta":{"footnotes":""},"class_list":["post-92","page","type-page","status-publish","hentry"],"_links":{"self":[{"href":"http:\/\/melas.gen.tr\/index.php\/wp-json\/wp\/v2\/pages\/92","targetHints":{"allow":["GET"]}}],"collection":[{"href":"http:\/\/melas.gen.tr\/index.php\/wp-json\/wp\/v2\/pages"}],"about":[{"href":"http:\/\/melas.gen.tr\/index.php\/wp-json\/wp\/v2\/types\/page"}],"author":[{"embeddable":true,"href":"http:\/\/melas.gen.tr\/index.php\/wp-json\/wp\/v2\/users\/1"}],"replies":[{"embeddable":true,"href":"http:\/\/melas.gen.tr\/index.php\/wp-json\/wp\/v2\/comments?post=92"}],"version-history":[{"count":130,"href":"http:\/\/melas.gen.tr\/index.php\/wp-json\/wp\/v2\/pages\/92\/revisions"}],"predecessor-version":[{"id":308,"href":"http:\/\/melas.gen.tr\/index.php\/wp-json\/wp\/v2\/pages\/92\/revisions\/308"}],"wp:attachment":[{"href":"http:\/\/melas.gen.tr\/index.php\/wp-json\/wp\/v2\/media?parent=92"}],"curies":[{"name":"wp","href":"https:\/\/api.w.org\/{rel}","templated":true}]}}